{"id":2309,"date":"2021-04-21T10:33:57","date_gmt":"2021-04-21T08:33:57","guid":{"rendered":"http:\/\/www.cmz.it\/web\/?page_id=2309"},"modified":"2021-04-21T13:52:12","modified_gmt":"2021-04-21T11:52:12","slug":"trademark-policy","status":"publish","type":"page","link":"https:\/\/www.cmz.it\/en\/trademark-policy\/","title":{"rendered":"TRADEMARK POLICY"},"content":{"rendered":"\n<style type=\"text\/css\" data-created_by=\"avia_inline_auto\" id=\"style-css-av-knr84yq4-b74b0e66e9c3c469f0b535745e6641a6\">\n.avia-section.av-knr84yq4-b74b0e66e9c3c469f0b535745e6641a6{\nbackground-repeat:no-repeat;\nbackground-image:url(https:\/\/www.cmz.it\/wp-content\/uploads\/2021\/04\/trademark-1030x545-1.jpg);\nbackground-position:50% 50%;\nbackground-attachment:scroll;\n}\n.avia-section.av-knr84yq4-b74b0e66e9c3c469f0b535745e6641a6 .av-section-color-overlay{\nopacity:0.5;\nbackground-color:#000000;\n}\n<\/style>\n<div id='av_section_1'  class='avia-section av-knr84yq4-b74b0e66e9c3c469f0b535745e6641a6 main_color avia-section-default avia-no-border-styling  avia-builder-el-0  el_before_av_section  avia-builder-el-first  avia-full-stretch avia-bg-style-scroll av-section-color-overlay-active av-minimum-height av-minimum-height-25 av-height-25  container_wrap fullsize'  data-section-bg-repeat='stretch' data-av_minimum_height_pc='25' data-av_min_height_opt='25'><div class=\"av-section-color-overlay-wrap\"><div class=\"av-section-color-overlay\"><\/div><div class='container av-section-cont-open' ><main  role=\"main\" itemprop=\"mainContentOfPage\"  class='template-page content  av-content-full alpha units'><div class='post-entry post-entry-type-page post-entry-2309'><div class='entry-content-wrapper clearfix'>\n\n<style type=\"text\/css\" data-created_by=\"avia_inline_auto\" id=\"style-css-av-knr88hts-a3278e196952b9cb4ab3c8bf9edd23bc\">\n#top .av-special-heading.av-knr88hts-a3278e196952b9cb4ab3c8bf9edd23bc{\npadding-bottom:10px;\ncolor:#ffffff;\n}\nbody .av-special-heading.av-knr88hts-a3278e196952b9cb4ab3c8bf9edd23bc .av-special-heading-tag .heading-char{\nfont-size:25px;\n}\n.av-special-heading.av-knr88hts-a3278e196952b9cb4ab3c8bf9edd23bc .special-heading-inner-border{\nborder-color:#ffffff;\n}\n.av-special-heading.av-knr88hts-a3278e196952b9cb4ab3c8bf9edd23bc .av-subheading{\nfont-size:15px;\n}\n<\/style>\n<div  class='av-special-heading av-knr88hts-a3278e196952b9cb4ab3c8bf9edd23bc av-special-heading-h1 custom-color-heading blockquote modern-quote modern-centered  avia-builder-el-1  avia-builder-el-no-sibling '><h1 class='av-special-heading-tag '  itemprop=\"headline\"  >TRADEMARK<\/h1><div class=\"special-heading-border\"><div class=\"special-heading-inner-border\"><\/div><\/div><\/div>\n\n<\/div><\/div><\/main><!-- close content main element --><\/div><\/div><\/div><div id='av_section_2'  class='avia-section av-5c11-f6d12fbba2396ba55e86428cef6682df main_color avia-section-default avia-no-border-styling  avia-builder-el-2  el_after_av_section  avia-builder-el-last  avia-bg-style-scroll container_wrap fullsize'  ><div class='container av-section-cont-open' ><div class='template-page content  av-content-full alpha units'><div class='post-entry post-entry-type-page post-entry-2309'><div class='entry-content-wrapper clearfix'>\n<div class='flex_column_table av-klkrdz04-9fcbb997be630965e543a193155d351c sc-av_one_fifth av-equal-height-column-flextable'>\n<style type=\"text\/css\" data-created_by=\"avia_inline_auto\" id=\"style-css-av-klkrdz04-9fcbb997be630965e543a193155d351c\">\n.flex_column.av-klkrdz04-9fcbb997be630965e543a193155d351c{\nborder-radius:0px 0px 0px 0px;\npadding:0px 0px 0px 0px;\n}\n<\/style>\n<div  class='flex_column av-klkrdz04-9fcbb997be630965e543a193155d351c av_one_fifth  avia-builder-el-3  el_before_av_three_fifth  avia-builder-el-first  first flex_column_table_cell av-equal-height-column av-align-middle av-zero-column-padding  '     ><\/div><div class='av-flex-placeholder'><\/div>\n<style type=\"text\/css\" data-created_by=\"avia_inline_auto\" id=\"style-css-av-13h49-9e54270a912feb005df0c43251a7e0d7\">\n.flex_column.av-13h49-9e54270a912feb005df0c43251a7e0d7{\nborder-radius:0px 0px 0px 0px;\npadding:0px 0px 0px 0px;\n}\n<\/style>\n<div  class='flex_column av-13h49-9e54270a912feb005df0c43251a7e0d7 av_three_fifth  avia-builder-el-4  el_after_av_one_fifth  el_before_av_one_fifth  flex_column_table_cell av-equal-height-column av-align-middle av-zero-column-padding  '     ><p><div  class='hr av-2343gl-d5a6ce65c736c068edab0b3c11d4556a hr-default  avia-builder-el-5  el_before_av_textblock  avia-builder-el-first '><span class='hr-inner '><span class=\"hr-inner-style\"><\/span><\/span><\/div><br \/>\n<section  class='av_textblock_section av-klkrhkcu-0f3d47ff79c770d68c0ada7e3a75b1f3 '   itemscope=\"itemscope\" itemtype=\"https:\/\/schema.org\/CreativeWork\" ><div class='avia_textblock'  itemprop=\"text\" ><h3>ENGLISH | Trademark Policy<\/h3>\n<p><strong>CMZ name and logo is a trademark property of CMZ Sistemi Elettronici Srl, holding all rights for any related type of use.<\/strong> Only CMZ customers and business partners may use the above mentioned trademark and logo, with the sole purpose of promoting CMZ original products the trademark refer to and, in any case, within the limits established by the Law and upon CMZ authorization. CMZ Sistemi Elettronici Srl forbids the registration of domains and websites relating to its own brand without prior written authorization, reserving the right to directly register them. The improper use of the aforementioned trademark and, primarily, the use of the same to take advantage in promoting CMZ competing products, will force us to apply severe protection actions.<\/p>\n<h3>FRENCH | Politique de Marque<\/h3>\n<p><strong>CMZ Sistemi Elettronici Srl est le propri\u00e9taire de la marque CMZ et d\u00e9tient tous les droits li\u00e9s \u00e0 chaque type d\u2019utilisation.<\/strong> Seulement les clients et partenaires commerciaux de CMZ peuvent utiliser la marque et logo susmentionn\u00e9s, uniquement pour promouvoir les produits originaux de CMZ auxquels se r\u00e9f\u00e8rent le marque et, dans tous les cas, dans les limites \u00e9tablies par la loi et sous r\u00e9serve de l\u2019autorisation de CMZ. CMZ Sistemi Elettronici Srl interdit l\u2019enregistrement de domaines et de sites web relatifs \u00e0 sa propre marque sans pr\u00e9c\u00e9dente autorisation \u00e9crite, se r\u00e9servant le droit de les enregistrer en son propre nom. L\u2019utilisation abusive de la marque susmentionn\u00e9 et, surtout, sa utilisation pour promouvoir des produits concurrents, entra\u00eenera des mesures de protection s\u00e9v\u00e8res de CMZ Sistemi Elettronici Srl.<\/p>\n<h3>GERMAN | <strong>Markenpolitik<\/strong><\/h3>\n<p><span class=\"VIiyi\" lang=\"de\"><strong><span class=\"JLqJ4b ChMk0b\" data-language-for-alternatives=\"de\" data-language-to-translate-into=\"it\" data-phrase-index=\"0\">Der Name und das Logo von CMZ sind Eigentum der CMZ Sistemi Elettronici Srl und besitzen alle Rechte f\u00fcr alle damit verbundenen Verwendungszwecke.<\/span> <\/strong><span class=\"JLqJ4b ChMk0b\" data-language-for-alternatives=\"de\" data-language-to-translate-into=\"it\" data-phrase-index=\"1\">Nur CMZ-Kunden und Gesch\u00e4ftspartner d\u00fcrfen die oben genannte Marke und das oben genannte Logo verwenden, um ausschlie\u00dflich f\u00fcr CMZ-Originalprodukte zu werben, auf die sich die Marke bezieht, und in jedem Fall innerhalb der gesetzlich festgelegten Grenzen und nach Genehmigung durch CMZ.<\/span> <span class=\"JLqJ4b ChMk0b\" data-language-for-alternatives=\"de\" data-language-to-translate-into=\"it\" data-phrase-index=\"2\">CMZ Sistemi Elettronici Srl verbietet die Registrierung von Domains und Websites, die sich auf die eigene Marke beziehen, ohne vorherige schriftliche Genehmigung und beh\u00e4lt sich das Recht vor, diese direkt zu registrieren.<\/span> <span class=\"JLqJ4b ChMk0b\" data-language-for-alternatives=\"de\" data-language-to-translate-into=\"it\" data-phrase-index=\"3\">Die missbr\u00e4uchliche Verwendung der oben genannten Marke und vor allem die Verwendung derselben zur F\u00f6rderung der Konkurrenzprodukte von CMZ zwingen uns, strenge Schutzma\u00dfnahmen zu ergreifen.<\/span><\/span><\/p>\n<h3>SPANISH | Pol\u00ectica de Marca<\/h3>\n<p><strong>CMZ Sistemi Elettronici Srl es propietaria de la marca CMZ y posee todos los derechos para cualquier tipo de uso relacionado. <\/strong>Solo los clientes y socios comerciales de CMZ pueden usar la marca registrada y logotipo mencionados anteriormente, con el \u00fanico prop\u00f3sito de promocionar los productos originales de CMZ a los que se refieren estas marcas y, en todo caso, dentro de los l\u00edmites establecidos por la Ley y con la autorizaci\u00f3n de <span class=\"VIiyi\" lang=\"de\"><span class=\"JLqJ4b ChMk0b\" data-language-for-alternatives=\"de\" data-language-to-translate-into=\"it\" data-phrase-index=\"0\">CMZ<\/span><\/span>. <span class=\"VIiyi\" lang=\"de\"><span class=\"JLqJ4b ChMk0b\" data-language-for-alternatives=\"de\" data-language-to-translate-into=\"it\" data-phrase-index=\"0\">CMZ Sistemi Elettronici Srl<\/span><\/span> proh\u00edbe el registro de dominios y sitios web relacionados con sus propias marcas sin previa autorizaci\u00f3n por escrito, reserv\u00e1ndose el derecho de registrarlos directamente. El uso indebido de cualquiera de la marca registrada antes mencionada y, principalmente, el uso de la misma para aprovechar la promoci\u00f3n de productos competidores de <span class=\"VIiyi\" lang=\"de\"><span class=\"JLqJ4b ChMk0b\" data-language-for-alternatives=\"de\" data-language-to-translate-into=\"it\" data-phrase-index=\"0\">CMZ Sistemi Elettronici Srl<\/span><\/span>, nos obligar\u00e1 a aplicar medidas de protecci\u00f3n severas.<\/p>\n<\/div><\/section><\/p><\/div><div class='av-flex-placeholder'><\/div>\n<style type=\"text\/css\" data-created_by=\"avia_inline_auto\" id=\"style-css-av-klkrdz04-6197d53f4c75ea8e0a71786a24dc37df\">\n.flex_column.av-klkrdz04-6197d53f4c75ea8e0a71786a24dc37df{\nborder-radius:0px 0px 0px 0px;\npadding:0px 0px 0px 0px;\n}\n<\/style>\n<div  class='flex_column av-klkrdz04-6197d53f4c75ea8e0a71786a24dc37df av_one_fifth  avia-builder-el-7  el_after_av_three_fifth  avia-builder-el-last  flex_column_table_cell av-equal-height-column av-align-middle av-zero-column-padding  '     ><\/div><\/div><!--close column table wrapper. Autoclose: 1 -->\n","protected":false},"excerpt":{"rendered":"","protected":false},"author":1,"featured_media":0,"parent":0,"menu_order":3,"comment_status":"closed","ping_status":"closed","template":"","meta":{"footnotes":""},"class_list":["post-2309","page","type-page","status-publish","hentry"],"yoast_head":"<!-- This site is optimized with the Yoast SEO plugin v27.4 - https:\/\/yoast.com\/product\/yoast-seo-wordpress\/ -->\n<title>TRADEMARK POLICY - www.cmz.it<\/title>\n<meta name=\"robots\" content=\"index, follow, max-snippet:-1, max-image-preview:large, max-video-preview:-1\" \/>\n<link rel=\"canonical\" href=\"https:\/\/www.cmz.it\/en\/trademark-policy\/\" \/>\n<meta property=\"og:locale\" content=\"en_US\" \/>\n<meta property=\"og:type\" content=\"article\" \/>\n<meta property=\"og:title\" content=\"TRADEMARK POLICY - www.cmz.it\" \/>\n<meta property=\"og:url\" content=\"https:\/\/www.cmz.it\/en\/trademark-policy\/\" \/>\n<meta property=\"og:site_name\" content=\"www.cmz.it\" \/>\n<meta property=\"article:modified_time\" content=\"2021-04-21T11:52:12+00:00\" \/>\n<meta name=\"twitter:card\" content=\"summary_large_image\" \/>\n<script type=\"application\/ld+json\" class=\"yoast-schema-graph\">{\"@context\":\"https:\\\/\\\/schema.org\",\"@graph\":[{\"@type\":\"WebPage\",\"@id\":\"https:\\\/\\\/www.cmz.it\\\/en\\\/trademark-policy\\\/\",\"url\":\"https:\\\/\\\/www.cmz.it\\\/en\\\/trademark-policy\\\/\",\"name\":\"TRADEMARK POLICY - www.cmz.it\",\"isPartOf\":{\"@id\":\"https:\\\/\\\/www.cmz.it\\\/#website\"},\"datePublished\":\"2021-04-21T08:33:57+00:00\",\"dateModified\":\"2021-04-21T11:52:12+00:00\",\"breadcrumb\":{\"@id\":\"https:\\\/\\\/www.cmz.it\\\/en\\\/trademark-policy\\\/#breadcrumb\"},\"inLanguage\":\"en-US\",\"potentialAction\":[{\"@type\":\"ReadAction\",\"target\":[\"https:\\\/\\\/www.cmz.it\\\/en\\\/trademark-policy\\\/\"]}]},{\"@type\":\"BreadcrumbList\",\"@id\":\"https:\\\/\\\/www.cmz.it\\\/en\\\/trademark-policy\\\/#breadcrumb\",\"itemListElement\":[{\"@type\":\"ListItem\",\"position\":1,\"name\":\"Home\",\"item\":\"https:\\\/\\\/www.cmz.it\\\/en\\\/home\\\/\"},{\"@type\":\"ListItem\",\"position\":2,\"name\":\"TRADEMARK POLICY\"}]},{\"@type\":\"WebSite\",\"@id\":\"https:\\\/\\\/www.cmz.it\\\/#website\",\"url\":\"https:\\\/\\\/www.cmz.it\\\/\",\"name\":\"www.cmz.it\",\"description\":\"motion control systems and solutions\",\"potentialAction\":[{\"@type\":\"SearchAction\",\"target\":{\"@type\":\"EntryPoint\",\"urlTemplate\":\"https:\\\/\\\/www.cmz.it\\\/?s={search_term_string}\"},\"query-input\":{\"@type\":\"PropertyValueSpecification\",\"valueRequired\":true,\"valueName\":\"search_term_string\"}}],\"inLanguage\":\"en-US\"}]}<\/script>\n<!-- \/ Yoast SEO plugin. -->","yoast_head_json":{"title":"TRADEMARK POLICY - www.cmz.it","robots":{"index":"index","follow":"follow","max-snippet":"max-snippet:-1","max-image-preview":"max-image-preview:large","max-video-preview":"max-video-preview:-1"},"canonical":"https:\/\/www.cmz.it\/en\/trademark-policy\/","og_locale":"en_US","og_type":"article","og_title":"TRADEMARK POLICY - www.cmz.it","og_url":"https:\/\/www.cmz.it\/en\/trademark-policy\/","og_site_name":"www.cmz.it","article_modified_time":"2021-04-21T11:52:12+00:00","twitter_card":"summary_large_image","schema":{"@context":"https:\/\/schema.org","@graph":[{"@type":"WebPage","@id":"https:\/\/www.cmz.it\/en\/trademark-policy\/","url":"https:\/\/www.cmz.it\/en\/trademark-policy\/","name":"TRADEMARK POLICY - www.cmz.it","isPartOf":{"@id":"https:\/\/www.cmz.it\/#website"},"datePublished":"2021-04-21T08:33:57+00:00","dateModified":"2021-04-21T11:52:12+00:00","breadcrumb":{"@id":"https:\/\/www.cmz.it\/en\/trademark-policy\/#breadcrumb"},"inLanguage":"en-US","potentialAction":[{"@type":"ReadAction","target":["https:\/\/www.cmz.it\/en\/trademark-policy\/"]}]},{"@type":"BreadcrumbList","@id":"https:\/\/www.cmz.it\/en\/trademark-policy\/#breadcrumb","itemListElement":[{"@type":"ListItem","position":1,"name":"Home","item":"https:\/\/www.cmz.it\/en\/home\/"},{"@type":"ListItem","position":2,"name":"TRADEMARK POLICY"}]},{"@type":"WebSite","@id":"https:\/\/www.cmz.it\/#website","url":"https:\/\/www.cmz.it\/","name":"www.cmz.it","description":"motion control systems and solutions","potentialAction":[{"@type":"SearchAction","target":{"@type":"EntryPoint","urlTemplate":"https:\/\/www.cmz.it\/?s={search_term_string}"},"query-input":{"@type":"PropertyValueSpecification","valueRequired":true,"valueName":"search_term_string"}}],"inLanguage":"en-US"}]}},"_links":{"self":[{"href":"https:\/\/www.cmz.it\/en\/wp-json\/wp\/v2\/pages\/2309","targetHints":{"allow":["GET"]}}],"collection":[{"href":"https:\/\/www.cmz.it\/en\/wp-json\/wp\/v2\/pages"}],"about":[{"href":"https:\/\/www.cmz.it\/en\/wp-json\/wp\/v2\/types\/page"}],"author":[{"embeddable":true,"href":"https:\/\/www.cmz.it\/en\/wp-json\/wp\/v2\/users\/1"}],"replies":[{"embeddable":true,"href":"https:\/\/www.cmz.it\/en\/wp-json\/wp\/v2\/comments?post=2309"}],"version-history":[{"count":7,"href":"https:\/\/www.cmz.it\/en\/wp-json\/wp\/v2\/pages\/2309\/revisions"}],"predecessor-version":[{"id":2376,"href":"https:\/\/www.cmz.it\/en\/wp-json\/wp\/v2\/pages\/2309\/revisions\/2376"}],"wp:attachment":[{"href":"https:\/\/www.cmz.it\/en\/wp-json\/wp\/v2\/media?parent=2309"}],"curies":[{"name":"wp","href":"https:\/\/api.w.org\/{rel}","templated":true}]}}